{"id":103,"date":"2024-04-14T12:09:25","date_gmt":"2024-04-14T12:09:25","guid":{"rendered":"https:\/\/kusadasidisdoktoru.com\/?page_id=103"},"modified":"2026-01-04T21:13:02","modified_gmt":"2026-01-04T21:13:02","slug":"hakkimizda","status":"publish","type":"page","link":"https:\/\/kusadasidisdoktoru.com\/en\/hakkimizda\/","title":{"rendered":"About Us"},"content":{"rendered":"<p><strong>We Care for Your Teeth<\/strong><\/p>\n\n\n\n<p><strong>Ku\u015fadas\u0131 Di\u015f Hekimi S\u00fcleyman \u00c7a\u011f\u0131n klini\u011fi<\/strong> olarak kuruldu\u011fumuz ilk g\u00fcnden beri Ku\u015fadas\u0131 ve t\u00fcm T\u00fcrkiye&#8217;den, hatta yurt d\u0131\u015f\u0131ndan gelen hastalar\u0131m\u0131z\u0131n A\u011f\u0131z ve Di\u015f Sa\u011fl\u0131\u011f\u0131n\u0131 korumak i\u00e7in \u00e7al\u0131\u015f\u0131yoruz. <strong>Haftan\u0131n 7 g\u00fcn\u00fc<\/strong> ula\u015fabilece\u011finiz a\u011f\u0131z ve di\u015f sa\u011fl\u0131\u011f\u0131 klini\u011fimiz t\u00fcm <strong>resmi tatillerde de \u00f6zel hizmet<\/strong> alabilirsiniz.<\/p>\n\n\n\n<p><strong>We Care About Your Smile<\/strong><\/p>\n\n\n\n<p>A\u011f\u0131z ve di\u015f sa\u011fl\u0131\u011f\u0131n\u0131z\u0131 korumak i\u00e7in klini\u011fimizi ve ekibimizi s\u00fcrekli olarak geli\u015ftiriyoruz. <strong>Son teknoloji ekipmanlar\u0131m\u0131zla<\/strong> ve <strong>deneyimli ekibimizle<\/strong> a\u011f\u0131z ve di\u015f sa\u011fl\u0131\u011f\u0131n\u0131z i\u00e7in <strong>A&#8217;dan Z&#8217;ye hizmet<\/strong> veriyoruz.<\/p>\n\n\n\n<p><strong>Maximum Trust and Satisfaction with our Ethical Principles<\/strong><\/p>\n\n\n\n<p>Etik ilkelerimize ba\u011fl\u0131 kalarak, standartlar\u0131m\u0131z\u0131 y\u00fckseltiyoruz. Etkile\u015fimde oldu\u011fumuz herkesin deneyimini geli\u015ftirme oda\u011f\u0131nda \u00e7al\u0131\u015farak <strong>maksimum g\u00fcveni ve memnuniyeti yaratmay\u0131 hedefliyoruz<\/strong>. Hastalar\u0131n, hasta yak\u0131nlar\u0131n\u0131n haklar\u0131n\u0131 koruyan, nitelikli personel yeti\u015ftiren ve s\u00fcrekli hem klini\u011fimizi hem de ekibimizi geli\u015ftiren bir misyonla hizmet veriyoruz.<\/p>\n\n\n\n<p><strong>Ethical Services with Technology, Smiling Face and Expert Staff<\/strong><\/p>\n\n\n\n<p>We adhere to ethical principles with the services we offer in oral and dental health by combining technology with the energy of our friendly and expert staff.<\/p>\n\n\n\n<p><\/p>\n\n\n\n<p><strong>Services Offered to You at Kusadasi Dentist Suleyman Cagin Polyclinic:<\/strong><\/p>\n\n\n\n<ul class=\"wp-block-list\">\n<li><strong>Oral and dental examination<\/strong><\/li>\n\n\n\n<li><strong>Dental treatments<\/strong><\/li>\n\n\n\n<li><strong>Tooth extraction<\/strong><\/li>\n\n\n\n<li><strong>Kanal tedavisi<\/strong><\/li>\n\n\n\n<li><strong>Di\u015f protezleri<\/strong><\/li>\n\n\n\n<li><strong>Di\u015f implantlar\u0131<\/strong><\/li>\n\n\n\n<li><strong>Pediatric dentistry<\/strong><\/li>\n\n\n\n<li><strong>Aesthetic dentistry<\/strong><\/li>\n\n\n\n<li><strong>Oral and dental hygiene<\/strong><\/li>\n\n\n\n<li><strong>Tooth whitening<\/strong><\/li>\n\n\n\n<li><strong>Dental Implants<\/strong><\/li>\n\n\n\n<li><strong>Oral, Dental and Maxillofacial Surgery<\/strong><\/li>\n\n\n\n<li><strong>Zirconium Tooth Veneers<\/strong><\/li>\n\n\n\n<li><strong>Laminated Tooth<\/strong><\/li>\n\n\n\n<li><strong>Root Canal Treatment and Filling<\/strong><\/li>\n\n\n\n<li><strong>Gingival Aesthetics (Pink Aesthetics)<\/strong><\/li>\n\n\n\n<li><strong>Kusadasi Dentist on Call<\/strong><\/li>\n\n\n\n<li><strong>Acil Di\u015f Tedavileri <\/strong><\/li>\n<\/ul>\n\n\n\n<p><\/p>\n\n\n\n<p><strong>Ku\u015fadas\u0131 Di\u015f Hekimi S\u00fcleyman \u00c7a\u011f\u0131n klini\u011fi&#8217;ni Se\u00e7meniz \u0130\u00e7in 5 Neden:<\/strong><\/p>\n\n\n\n<ul class=\"wp-block-list\">\n<li><strong>Experienced and specialized staff<\/strong><\/li>\n\n\n\n<li><strong>State-of-the-art equipment<\/strong><\/li>\n\n\n\n<li><strong>Hygienic and modern environment<\/strong><\/li>\n\n\n\n<li><strong>Special attention and care for patients<\/strong><\/li>\n\n\n\n<li><strong>Affordable treatment options<\/strong><\/li>\n<\/ul>\n\n\n\n<p><\/p>\n\n\n\n<p><strong>Ku\u015fadas\u0131 Di\u015f Hekimi S\u00fcleyman \u00c7a\u011f\u0131n klini\u011fi \u0130leti\u015fim Bilgileri:<\/strong><\/p>\n\n\n\n<p class=\"translation-block\"><strong>Address:<\/strong> T\u00fcrkmen, \u0130n\u00f6n\u00fc Blv. 19\/1, 09400 Ku\u015fadas\u0131\/Ayd\u0131n <br><strong>Telephone:<\/strong> +90 530 378 09 94<\/p>\n\n\n\n<p><strong>Ku\u015fadas\u0131&#8217;nda en iyi di\u015f doktoru di\u015f klini\u011fini ar\u0131yorsan\u0131z, Ku\u015fadas\u0131 Di\u015f Doktoru S\u00fcleyman \u00c7a\u011f\u0131n Di\u015f klini\u011fi&#8217;ni tercih edin.<\/strong><\/p>\n\n\n\n<p><\/p>","protected":false},"excerpt":{"rendered":"<p>Di\u015flerinizi \u00d6nemsiyoruz Ku\u015fadas\u0131 Di\u015f Hekimi S\u00fcleyman \u00c7a\u011f\u0131n klini\u011fi olarak kuruldu\u011fumuz ilk g\u00fcnden beri Ku\u015fadas\u0131 ve t\u00fcm T\u00fcrkiye&#8217;den, hatta yurt d\u0131\u015f\u0131ndan gelen hastalar\u0131m\u0131z\u0131n A\u011f\u0131z ve Di\u015f Sa\u011fl\u0131\u011f\u0131n\u0131 korumak i\u00e7in \u00e7al\u0131\u015f\u0131yoruz. Haftan\u0131n 7 g\u00fcn\u00fc ula\u015fabilece\u011finiz a\u011f\u0131z ve di\u015f sa\u011fl\u0131\u011f\u0131 klini\u011fimiz t\u00fcm resmi tatillerde de \u00f6zel hizmet alabilirsiniz. G\u00fcl\u00fc\u015f\u00fcn\u00fcz\u00fc \u00d6nemsiyoruz A\u011f\u0131z ve di\u015f sa\u011fl\u0131\u011f\u0131n\u0131z\u0131 korumak i\u00e7in klini\u011fimizi ve [&hellip;]<\/p>\n","protected":false},"author":1,"featured_media":12,"parent":0,"menu_order":0,"comment_status":"closed","ping_status":"closed","template":"","meta":{"footnotes":""},"class_list":["post-103","page","type-page","status-publish","has-post-thumbnail","hentry"],"_links":{"self":[{"href":"https:\/\/kusadasidisdoktoru.com\/en\/wp-json\/wp\/v2\/pages\/103","targetHints":{"allow":["GET"]}}],"collection":[{"href":"https:\/\/kusadasidisdoktoru.com\/en\/wp-json\/wp\/v2\/pages"}],"about":[{"href":"https:\/\/kusadasidisdoktoru.com\/en\/wp-json\/wp\/v2\/types\/page"}],"author":[{"embeddable":true,"href":"https:\/\/kusadasidisdoktoru.com\/en\/wp-json\/wp\/v2\/users\/1"}],"replies":[{"embeddable":true,"href":"https:\/\/kusadasidisdoktoru.com\/en\/wp-json\/wp\/v2\/comments?post=103"}],"version-history":[{"count":7,"href":"https:\/\/kusadasidisdoktoru.com\/en\/wp-json\/wp\/v2\/pages\/103\/revisions"}],"predecessor-version":[{"id":462,"href":"https:\/\/kusadasidisdoktoru.com\/en\/wp-json\/wp\/v2\/pages\/103\/revisions\/462"}],"wp:featuredmedia":[{"embeddable":true,"href":"https:\/\/kusadasidisdoktoru.com\/en\/wp-json\/wp\/v2\/media\/12"}],"wp:attachment":[{"href":"https:\/\/kusadasidisdoktoru.com\/en\/wp-json\/wp\/v2\/media?parent=103"}],"curies":[{"name":"wp","href":"https:\/\/api.w.org\/{rel}","templated":true}]}}